{"id":101,"date":"2023-10-29T23:29:53","date_gmt":"2023-10-29T23:29:53","guid":{"rendered":"https:\/\/soins-eu.com\/?page_id=101"},"modified":"2023-11-13T01:26:03","modified_gmt":"2023-11-13T01:26:03","slug":"apprenez-le-soin-energies-universelles","status":"publish","type":"page","link":"https:\/\/soins-eu.com\/index.php\/apprenez-le-soin-energies-universelles\/","title":{"rendered":"Apprenez le Soin Energies Universelles"},"content":{"rendered":"\t\t<div data-elementor-type=\"wp-page\" data-elementor-id=\"101\" class=\"elementor elementor-101\">\n\t\t\t\t\t\t<section class=\"elementor-section elementor-top-section elementor-element elementor-element-2faebcc elementor-section-boxed elementor-section-height-default elementor-section-height-default\" data-id=\"2faebcc\" data-element_type=\"section\" data-e-type=\"section\">\n\t\t\t\t\t\t<div class=\"elementor-container elementor-column-gap-default\">\n\t\t\t\t\t<div class=\"elementor-column elementor-col-100 elementor-top-column elementor-element elementor-element-ca15663\" data-id=\"ca15663\" data-element_type=\"column\" data-e-type=\"column\">\n\t\t\t<div class=\"elementor-widget-wrap elementor-element-populated\">\n\t\t\t\t\t\t<div class=\"elementor-element elementor-element-eb5fa07 elementor-widget elementor-widget-image\" data-id=\"eb5fa07\" data-element_type=\"widget\" data-e-type=\"widget\" data-widget_type=\"image.default\">\n\t\t\t\t<div class=\"elementor-widget-container\">\n\t\t\t\t\t\t\t\t\t\t\t\t\t\t\t<img fetchpriority=\"high\" decoding=\"async\" width=\"1024\" height=\"577\" src=\"https:\/\/soins-eu.com\/wp-content\/uploads\/2023\/11\/Soins-Energies-Universelles-1-Made-with-PosterMyWall-6-1024x577.jpg\" class=\"attachment-large size-large wp-image-131\" alt=\"\" srcset=\"https:\/\/soins-eu.com\/wp-content\/uploads\/2023\/11\/Soins-Energies-Universelles-1-Made-with-PosterMyWall-6-1024x577.jpg 1024w, https:\/\/soins-eu.com\/wp-content\/uploads\/2023\/11\/Soins-Energies-Universelles-1-Made-with-PosterMyWall-6-300x169.jpg 300w, https:\/\/soins-eu.com\/wp-content\/uploads\/2023\/11\/Soins-Energies-Universelles-1-Made-with-PosterMyWall-6-768x433.jpg 768w, https:\/\/soins-eu.com\/wp-content\/uploads\/2023\/11\/Soins-Energies-Universelles-1-Made-with-PosterMyWall-6.jpg 1200w\" sizes=\"(max-width: 1024px) 100vw, 1024px\" \/>\t\t\t\t\t\t\t\t\t\t\t\t\t\t\t<\/div>\n\t\t\t\t<\/div>\n\t\t\t\t\t<\/div>\n\t\t<\/div>\n\t\t\t\t\t<\/div>\n\t\t<\/section>\n\t\t\t\t<section class=\"elementor-section elementor-top-section elementor-element elementor-element-ae42674 elementor-section-boxed elementor-section-height-default elementor-section-height-default\" data-id=\"ae42674\" data-element_type=\"section\" data-e-type=\"section\">\n\t\t\t\t\t\t<div class=\"elementor-container elementor-column-gap-default\">\n\t\t\t\t\t<div class=\"elementor-column elementor-col-100 elementor-top-column elementor-element elementor-element-973a8cc\" data-id=\"973a8cc\" data-element_type=\"column\" data-e-type=\"column\">\n\t\t\t<div class=\"elementor-widget-wrap elementor-element-populated\">\n\t\t\t\t\t\t<div class=\"elementor-element elementor-element-513c96a elementor-widget elementor-widget-text-editor\" data-id=\"513c96a\" data-element_type=\"widget\" data-e-type=\"widget\" data-widget_type=\"text-editor.default\">\n\t\t\t\t<div class=\"elementor-widget-container\">\n\t\t\t\t\t\t\t\t\t<p>Bienvenue \u00e0 tous !\u00a0<\/p><p>Notre prochain cours aura lieu le 18 et 25 Novembre 2023&#8230;<\/p><p>Dans ce cours :\u00a0<\/p><ul><li>Vous apprendrez \u00e0 vous connecter \u00e0 votre lumi\u00e8re interne, \u00e0 l\u2019\u00e9tendre et \u00e0 la conserver tout au long du soin et de la journ\u00e9e si vous le souhaitez.\u00a0<\/li><li>Vous apprendrez \u00e0 vous connecter aux \u00e9nergies universelles et \u00e0 accueillir votre \u00e9quipe spirituelle de soins.\u00a0<\/li><li>A l\u2019aide de la m\u00e9ditation, vous apprendrez \u00e0 maintenir votre taux vibratoire et votre connexion avec votre \u00e9quipe de soins\u00a0\u00a0<\/li><\/ul><ul><li>Vous apprendrez l\u2019auto-soin, le soin pour un client ou pour un groupe\u00a0<\/li><li>Vous apprendrez les principes spirituels n\u00e9cessaires \u00e0 une bonne pratique.\u00a0<\/li><\/ul><p>Sont inclus en plus:\u00a0\u00a0<\/p><p>_Une invitation aux sessions mensuelles de pratique des soins de la communaut\u00e9\u00a0<\/p><p>_Un manuel complet\u00a0<\/p><p>_Un suivi par email de toutes vos questions.\u00a0<\/p><p>Ce cours correspond \u00e0 un d\u00e9sir de d\u00e9mystifier le soin \u00e9nerg\u00e9tique. Nous avons en nous un potentiel de gu\u00e9risseur. Nous avons le choix de le laisser en sommeil ou de l\u2019exploiter pour le bien de notre entourage et de l\u2019humanit\u00e9.\u00a0<\/p><p>Nous sommes l\u2019effet papillon et d\u2019en prendre conscience est une d\u00e9marche spirituelle.\u00a0<\/p><p><strong>Pour s\u2019<\/strong><b>inscrire : envoyer un email a letrensoi@gmail.com\u00a0<\/b><\/p><p>A Propos de vos formateurs\u202f:\u00a0<\/p><p>Corinne : \u201cJ\u2019habite Marseille actuellement. J\u2019ai d\u2019abord \u00e9tudi\u00e9 la psychologie, l\u2019hypnose Ericksonienne et Spirituelle pour ensuite se tourner vers les soins \u00e9nerg\u00e9tiques, le magn\u00e9tisme, le chamanisme. Mon parcours m\u2019a permis de recevoir divers enseignements et de rencontrer divers enseignants.\u00a0 A mon sens, les soins \u00e9nerg\u00e9tiques ont une place et devraient \u00eatre inclus dans la m\u00e9decine allopathique sans la remplacer. La dimension du spirituel et de l\u2019\u00e9motionnel a un effet important sur qui nous sommes et ce que nous voulons \u00eatre. A travers le spirituel, nous d\u00e9veloppons la paix int\u00e9rieure, le bien \u00eatre, ce qui a pour cons\u00e9quence plus de vitalit\u00e9.\u00a0<\/p><p>Raphael : \u201d J\u2019habite Vancouver. J\u2019ai \u00e9tudi\u00e9 plusieurs disciplines de Reiki, notamment le Usui Reiki, le Jikiden Reiki, le Kundalini Reiki et le Gold Reiki. Depuis plus de 10 ans, mon parcours s\u2019est consolid\u00e9 autour de la relation directe avec le Cr\u00e9ateur, le soin \u00e9nergies universelles en faisant partie. Les soins \u00e9nerg\u00e9tiques devraient \u00eatre accessible \u00e0 tous pour que chacun puisse avoir les moyens spirituels de cultiver le bien \u00eatre, la paix et la vitalit\u00e9. 18<\/p>\t\t\t\t\t\t\t\t<\/div>\n\t\t\t\t<\/div>\n\t\t\t\t\t<\/div>\n\t\t<\/div>\n\t\t\t\t\t<\/div>\n\t\t<\/section>\n\t\t\t\t<section class=\"elementor-section elementor-top-section elementor-element elementor-element-84bf183 elementor-section-boxed elementor-section-height-default elementor-section-height-default\" data-id=\"84bf183\" data-element_type=\"section\" data-e-type=\"section\">\n\t\t\t\t\t\t<div class=\"elementor-container elementor-column-gap-default\">\n\t\t\t\t\t<div class=\"elementor-column elementor-col-100 elementor-top-column elementor-element elementor-element-726c48a\" data-id=\"726c48a\" data-element_type=\"column\" data-e-type=\"column\">\n\t\t\t<div class=\"elementor-widget-wrap elementor-element-populated\">\n\t\t\t\t\t\t<div class=\"elementor-element elementor-element-6f75b06 elementor-widget elementor-widget-text-editor\" data-id=\"6f75b06\" data-element_type=\"widget\" data-e-type=\"widget\" data-widget_type=\"text-editor.default\">\n\t\t\t\t<div class=\"elementor-widget-container\">\n\t\t\t\t\t\t\t\t\t<p>Voila un agenda d\u00e9taill\u00e9 des 2 modules d&rsquo;apprentissage des Soins Energies Universelles: <br>\n<br>\n<strong>Module I<\/strong><\/p>\n<p>\nIntroduction aux Soins Energies Universelles <br>\nPrincipe 1: l&rsquo;Intention<br>\nPrincipe 2: Etre canal <br>\nExercise 1: Introduction \u00e0 notre \u00e9quide de soins <br>\nExercise 2: Soins de groupe<br>\nFeedback<br>\nLes \u00e9tapes du soin<br>\nExercise 3: Soins par deux<br>\nTravail a la Maison: l&rsquo;autosoin<br>\nConclusion<br>\n<\/p>\n<p>\n<strong>Module II<\/strong><br>\n<br>\nR\u00e9capitulatif<br>\nPrincipe 4: La discipline de l&rsquo;esprit<br>\nPrincipe 5: La discipline spirituelle<br>\nExercise Soins par deux<br>\nFeedback<br>\nPrincipe 6: L&rsquo;acceptation et le d\u00e9tachement<br>\nExercise Soins par deux<br>\nM\u00e9ditation et Canalisation<br>\nConclusion<br>\n<\/p>\t\t\t\t\t\t\t\t<\/div>\n\t\t\t\t<\/div>\n\t\t\t\t\t<\/div>\n\t\t<\/div>\n\t\t\t\t\t<\/div>\n\t\t<\/section>\n\t\t\t\t<\/div>\n\t\t","protected":false},"excerpt":{"rendered":"<p>Bienvenue \u00e0 tous !\u00a0 Notre prochain cours aura lieu le 18 et 25 Novembre 2023&#8230; Dans ce cours :\u00a0 Vous apprendrez \u00e0 vous connecter \u00e0 votre lumi\u00e8re interne, \u00e0 l\u2019\u00e9tendre et \u00e0 la conserver tout au long du soin et de la journ\u00e9e si vous le souhaitez.\u00a0 Vous apprendrez \u00e0 vous connecter aux \u00e9nergies universelles [&hellip;]<\/p>\n","protected":false},"author":1,"featured_media":0,"parent":0,"menu_order":0,"comment_status":"closed","ping_status":"closed","template":"","meta":{"footnotes":""},"class_list":["post-101","page","type-page","status-publish","hentry"],"yoast_head":"<!-- This site is optimized with the Yoast SEO plugin v27.4 - https:\/\/yoast.com\/product\/yoast-seo-wordpress\/ -->\n<title>Apprenez le Soin Energies Universelles - Soins Energies Universelles<\/title>\n<meta name=\"robots\" content=\"index, follow, max-snippet:-1, max-image-preview:large, max-video-preview:-1\" \/>\n<link rel=\"canonical\" href=\"https:\/\/soins-eu.com\/index.php\/apprenez-le-soin-energies-universelles\/\" \/>\n<meta property=\"og:locale\" content=\"fr_FR\" \/>\n<meta property=\"og:type\" content=\"article\" \/>\n<meta property=\"og:title\" content=\"Apprenez le Soin Energies Universelles - Soins Energies Universelles\" \/>\n<meta property=\"og:description\" content=\"Bienvenue \u00e0 tous !\u00a0 Notre prochain cours aura lieu le 18 et 25 Novembre 2023&#8230; Dans ce cours :\u00a0 Vous apprendrez \u00e0 vous connecter \u00e0 votre lumi\u00e8re interne, \u00e0 l\u2019\u00e9tendre et \u00e0 la conserver tout au long du soin et de la journ\u00e9e si vous le souhaitez.\u00a0 Vous apprendrez \u00e0 vous connecter aux \u00e9nergies universelles [&hellip;]\" \/>\n<meta property=\"og:url\" content=\"https:\/\/soins-eu.com\/index.php\/apprenez-le-soin-energies-universelles\/\" \/>\n<meta property=\"og:site_name\" content=\"Soins Energies Universelles\" \/>\n<meta property=\"article:modified_time\" content=\"2023-11-13T01:26:03+00:00\" \/>\n<meta property=\"og:image\" content=\"https:\/\/soins-eu.com\/wp-content\/uploads\/2023\/11\/Soins-Energies-Universelles-1-Made-with-PosterMyWall-6-1024x577.jpg\" \/>\n<meta name=\"twitter:card\" content=\"summary_large_image\" \/>\n<meta name=\"twitter:label1\" content=\"Dur\u00e9e de lecture estim\u00e9e\" \/>\n\t<meta name=\"twitter:data1\" content=\"3 minutes\" \/>\n<script type=\"application\/ld+json\" class=\"yoast-schema-graph\">{\"@context\":\"https:\\\/\\\/schema.org\",\"@graph\":[{\"@type\":\"WebPage\",\"@id\":\"https:\\\/\\\/soins-eu.com\\\/index.php\\\/apprenez-le-soin-energies-universelles\\\/\",\"url\":\"https:\\\/\\\/soins-eu.com\\\/index.php\\\/apprenez-le-soin-energies-universelles\\\/\",\"name\":\"Apprenez le Soin Energies Universelles - Soins Energies Universelles\",\"isPartOf\":{\"@id\":\"https:\\\/\\\/soins-eu.com\\\/#website\"},\"primaryImageOfPage\":{\"@id\":\"https:\\\/\\\/soins-eu.com\\\/index.php\\\/apprenez-le-soin-energies-universelles\\\/#primaryimage\"},\"image\":{\"@id\":\"https:\\\/\\\/soins-eu.com\\\/index.php\\\/apprenez-le-soin-energies-universelles\\\/#primaryimage\"},\"thumbnailUrl\":\"https:\\\/\\\/soins-eu.com\\\/wp-content\\\/uploads\\\/2023\\\/11\\\/Soins-Energies-Universelles-1-Made-with-PosterMyWall-6-1024x577.jpg\",\"datePublished\":\"2023-10-29T23:29:53+00:00\",\"dateModified\":\"2023-11-13T01:26:03+00:00\",\"breadcrumb\":{\"@id\":\"https:\\\/\\\/soins-eu.com\\\/index.php\\\/apprenez-le-soin-energies-universelles\\\/#breadcrumb\"},\"inLanguage\":\"fr-FR\",\"potentialAction\":[{\"@type\":\"ReadAction\",\"target\":[\"https:\\\/\\\/soins-eu.com\\\/index.php\\\/apprenez-le-soin-energies-universelles\\\/\"]}]},{\"@type\":\"ImageObject\",\"inLanguage\":\"fr-FR\",\"@id\":\"https:\\\/\\\/soins-eu.com\\\/index.php\\\/apprenez-le-soin-energies-universelles\\\/#primaryimage\",\"url\":\"https:\\\/\\\/soins-eu.com\\\/wp-content\\\/uploads\\\/2023\\\/11\\\/Soins-Energies-Universelles-1-Made-with-PosterMyWall-6.jpg\",\"contentUrl\":\"https:\\\/\\\/soins-eu.com\\\/wp-content\\\/uploads\\\/2023\\\/11\\\/Soins-Energies-Universelles-1-Made-with-PosterMyWall-6.jpg\",\"width\":1200,\"height\":676},{\"@type\":\"BreadcrumbList\",\"@id\":\"https:\\\/\\\/soins-eu.com\\\/index.php\\\/apprenez-le-soin-energies-universelles\\\/#breadcrumb\",\"itemListElement\":[{\"@type\":\"ListItem\",\"position\":1,\"name\":\"Accueil\",\"item\":\"https:\\\/\\\/soins-eu.com\\\/\"},{\"@type\":\"ListItem\",\"position\":2,\"name\":\"Apprenez le Soin Energies Universelles\"}]},{\"@type\":\"WebSite\",\"@id\":\"https:\\\/\\\/soins-eu.com\\\/#website\",\"url\":\"https:\\\/\\\/soins-eu.com\\\/\",\"name\":\"Soins Energies Universelles\",\"description\":\"\",\"potentialAction\":[{\"@type\":\"SearchAction\",\"target\":{\"@type\":\"EntryPoint\",\"urlTemplate\":\"https:\\\/\\\/soins-eu.com\\\/?s={search_term_string}\"},\"query-input\":{\"@type\":\"PropertyValueSpecification\",\"valueRequired\":true,\"valueName\":\"search_term_string\"}}],\"inLanguage\":\"fr-FR\"}]}<\/script>\n<!-- \/ Yoast SEO plugin. -->","yoast_head_json":{"title":"Apprenez le Soin Energies Universelles - Soins Energies Universelles","robots":{"index":"index","follow":"follow","max-snippet":"max-snippet:-1","max-image-preview":"max-image-preview:large","max-video-preview":"max-video-preview:-1"},"canonical":"https:\/\/soins-eu.com\/index.php\/apprenez-le-soin-energies-universelles\/","og_locale":"fr_FR","og_type":"article","og_title":"Apprenez le Soin Energies Universelles - Soins Energies Universelles","og_description":"Bienvenue \u00e0 tous !\u00a0 Notre prochain cours aura lieu le 18 et 25 Novembre 2023&#8230; Dans ce cours :\u00a0 Vous apprendrez \u00e0 vous connecter \u00e0 votre lumi\u00e8re interne, \u00e0 l\u2019\u00e9tendre et \u00e0 la conserver tout au long du soin et de la journ\u00e9e si vous le souhaitez.\u00a0 Vous apprendrez \u00e0 vous connecter aux \u00e9nergies universelles [&hellip;]","og_url":"https:\/\/soins-eu.com\/index.php\/apprenez-le-soin-energies-universelles\/","og_site_name":"Soins Energies Universelles","article_modified_time":"2023-11-13T01:26:03+00:00","og_image":[{"url":"https:\/\/soins-eu.com\/wp-content\/uploads\/2023\/11\/Soins-Energies-Universelles-1-Made-with-PosterMyWall-6-1024x577.jpg","type":"","width":"","height":""}],"twitter_card":"summary_large_image","twitter_misc":{"Dur\u00e9e de lecture estim\u00e9e":"3 minutes"},"schema":{"@context":"https:\/\/schema.org","@graph":[{"@type":"WebPage","@id":"https:\/\/soins-eu.com\/index.php\/apprenez-le-soin-energies-universelles\/","url":"https:\/\/soins-eu.com\/index.php\/apprenez-le-soin-energies-universelles\/","name":"Apprenez le Soin Energies Universelles - Soins Energies Universelles","isPartOf":{"@id":"https:\/\/soins-eu.com\/#website"},"primaryImageOfPage":{"@id":"https:\/\/soins-eu.com\/index.php\/apprenez-le-soin-energies-universelles\/#primaryimage"},"image":{"@id":"https:\/\/soins-eu.com\/index.php\/apprenez-le-soin-energies-universelles\/#primaryimage"},"thumbnailUrl":"https:\/\/soins-eu.com\/wp-content\/uploads\/2023\/11\/Soins-Energies-Universelles-1-Made-with-PosterMyWall-6-1024x577.jpg","datePublished":"2023-10-29T23:29:53+00:00","dateModified":"2023-11-13T01:26:03+00:00","breadcrumb":{"@id":"https:\/\/soins-eu.com\/index.php\/apprenez-le-soin-energies-universelles\/#breadcrumb"},"inLanguage":"fr-FR","potentialAction":[{"@type":"ReadAction","target":["https:\/\/soins-eu.com\/index.php\/apprenez-le-soin-energies-universelles\/"]}]},{"@type":"ImageObject","inLanguage":"fr-FR","@id":"https:\/\/soins-eu.com\/index.php\/apprenez-le-soin-energies-universelles\/#primaryimage","url":"https:\/\/soins-eu.com\/wp-content\/uploads\/2023\/11\/Soins-Energies-Universelles-1-Made-with-PosterMyWall-6.jpg","contentUrl":"https:\/\/soins-eu.com\/wp-content\/uploads\/2023\/11\/Soins-Energies-Universelles-1-Made-with-PosterMyWall-6.jpg","width":1200,"height":676},{"@type":"BreadcrumbList","@id":"https:\/\/soins-eu.com\/index.php\/apprenez-le-soin-energies-universelles\/#breadcrumb","itemListElement":[{"@type":"ListItem","position":1,"name":"Accueil","item":"https:\/\/soins-eu.com\/"},{"@type":"ListItem","position":2,"name":"Apprenez le Soin Energies Universelles"}]},{"@type":"WebSite","@id":"https:\/\/soins-eu.com\/#website","url":"https:\/\/soins-eu.com\/","name":"Soins Energies Universelles","description":"","potentialAction":[{"@type":"SearchAction","target":{"@type":"EntryPoint","urlTemplate":"https:\/\/soins-eu.com\/?s={search_term_string}"},"query-input":{"@type":"PropertyValueSpecification","valueRequired":true,"valueName":"search_term_string"}}],"inLanguage":"fr-FR"}]}},"_links":{"self":[{"href":"https:\/\/soins-eu.com\/index.php\/wp-json\/wp\/v2\/pages\/101","targetHints":{"allow":["GET"]}}],"collection":[{"href":"https:\/\/soins-eu.com\/index.php\/wp-json\/wp\/v2\/pages"}],"about":[{"href":"https:\/\/soins-eu.com\/index.php\/wp-json\/wp\/v2\/types\/page"}],"author":[{"embeddable":true,"href":"https:\/\/soins-eu.com\/index.php\/wp-json\/wp\/v2\/users\/1"}],"replies":[{"embeddable":true,"href":"https:\/\/soins-eu.com\/index.php\/wp-json\/wp\/v2\/comments?post=101"}],"version-history":[{"count":22,"href":"https:\/\/soins-eu.com\/index.php\/wp-json\/wp\/v2\/pages\/101\/revisions"}],"predecessor-version":[{"id":176,"href":"https:\/\/soins-eu.com\/index.php\/wp-json\/wp\/v2\/pages\/101\/revisions\/176"}],"wp:attachment":[{"href":"https:\/\/soins-eu.com\/index.php\/wp-json\/wp\/v2\/media?parent=101"}],"curies":[{"name":"wp","href":"https:\/\/api.w.org\/{rel}","templated":true}]}}